{"id":16,"date":"2019-09-22T07:16:39","date_gmt":"2019-09-22T07:16:39","guid":{"rendered":"https:\/\/big-rostock.de\/wordpress\/?page_id=16"},"modified":"2019-09-22T16:43:25","modified_gmt":"2019-09-22T16:43:25","slug":"verein","status":"publish","type":"page","link":"https:\/\/www.big-rostock.de\/wordpress\/?page_id=16","title":{"rendered":"Verein"},"content":{"rendered":"\n<p>Es war im September 2001. Zwei Traditionsvereine Rostocks trafen sich auf dem Basketballcourt: PSV gegen EBC. Unter die Zuschauer mogelten sich die Freunde Martin \u201eMietze\u201c G. und Johannes \u201eYogi\u201c S.. Martin \u00fcberkam erneut das Basketballfieber, wodurch sein Traum aus ihm herausplatze: \u201eWie genial w\u00e4re es, einmal vor einigen Leuten in einem Basketballtrikot aufzulaufen\u201c. Yogi reagierte sofort und lud ihn zum Training von Eintracht Rostock ein. Martin aber winkte ab: \u201eNein. Viel besser w\u00e4re ein eigener Verein, in dem wir selbst in der Hand haben, was wir machen! Aber das ist unm\u00f6glich!\u201c Doch nun sprang das Fieber auch auf Yogi \u00fcber, der meinte, dass er aus dem Studium zwar wenig behalten hatte, doch aber wei\u00df, dass eine Vereinsgr\u00fcndung gar nicht so schwierig sei. Martins Augen fingen an zu gl\u00e4nzen: \u201eAbgemacht, wir gr\u00fcnden einen Verein!\u201c<\/p>\n\n\n\n<div class=\"wp-block-media-text alignwide is-stacked-on-mobile\"><figure class=\"wp-block-media-text__media\"><img data-recalc-dims=\"1\" loading=\"lazy\" decoding=\"async\" width=\"640\" height=\"480\" src=\"https:\/\/i0.wp.com\/big-rostock.de\/wordpress\/wp-content\/uploads\/2019\/09\/Bild_Team_0203-1024x768.jpg?resize=640%2C480&#038;ssl=1\" alt=\"\" class=\"wp-image-317\" srcset=\"https:\/\/i0.wp.com\/www.big-rostock.de\/wordpress\/wp-content\/uploads\/2019\/09\/Bild_Team_0203.jpg?resize=1024%2C768&amp;ssl=1 1024w, https:\/\/i0.wp.com\/www.big-rostock.de\/wordpress\/wp-content\/uploads\/2019\/09\/Bild_Team_0203.jpg?resize=300%2C225&amp;ssl=1 300w, https:\/\/i0.wp.com\/www.big-rostock.de\/wordpress\/wp-content\/uploads\/2019\/09\/Bild_Team_0203.jpg?resize=768%2C576&amp;ssl=1 768w, https:\/\/i0.wp.com\/www.big-rostock.de\/wordpress\/wp-content\/uploads\/2019\/09\/Bild_Team_0203.jpg?w=1772&amp;ssl=1 1772w, https:\/\/i0.wp.com\/www.big-rostock.de\/wordpress\/wp-content\/uploads\/2019\/09\/Bild_Team_0203.jpg?w=1280&amp;ssl=1 1280w\" sizes=\"auto, (max-width: 640px) 100vw, 640px\" \/><\/figure><div class=\"wp-block-media-text__content\">\n<p style=\"text-align:left\">Nach ein paar Telefonaten kamen David S. (DS), Thomas L. (Scoring), Mathias T. (Animal) und Andreas H. (Grillmaster) dazu. Wenig sp\u00e4ter \u00fcbertrug sich das noch namenlose Fieber auf Christian H. (Prince), Frank S. (Tank) und Andreas S. (Eddy). Tagelang wurde in der juristischen Fakult\u00e4t die Vereinssatzung ausgearbeitet. Dann am 8. November 2001 war es endlich soweit. Alle Interessenten trafen sich im Fuchsbau um ihren Verein zu gr\u00fcnden. Die Jungs fanden den richtigen Namen f\u00fcr den Virus: Basketballinteressengemeinschaft Rostock (BIG) und beschlossen, dass Spa\u00df und Familiarit\u00e4t im Vordergrund stehen sollen. An diesem Abend merkte schon die Kellnerin, dass die BIG eine verschworene Gemeinschaft war. Nun kamen die Beh\u00f6rdeng\u00e4nge zum Finanzamt, Notar, Amtsgericht und Basketballverband, welche David und Thomas mit gro\u00dfen Enthusiasmus erledigten. Und pl\u00f6tzlich waren wir ein im Vereinsregister eingetragener Verein mit eigenem Bankkonto und voller Gesch\u00e4ftsf\u00e4higkeit.<\/p>\n<\/div><\/div>\n\n\n\n<p><\/p>\n\n\n\n<p>Der BIG fehlte nun nur noch eine Halle, wo sie Basketball leben konnten. Nach einigen Tagen und Telefonaten war dieses auch geschafft und die Jungs absolvierten ihr erstes Training in einer alten Boston Garden Style m\u00e4\u00dfigen Sporthalle in Dierkow. Die ersten Trainingseinheiten waren wild und unorganisiert, aber mit der Zeit kam mit Steve K. (Karate) ein wenig Disziplin und Ruhe ins Team. Nach einiger Zeit traf der Verein die Entscheidung sich in der Saison 2002 zum Spielbetrieb anzumelden. Nun hatte die BIG endlich ein Ziel. Es wurde nun zweimal in der Woche trainiert, Christian N. (Katze) eingestellt und sich beim Basketballverband M-V f\u00fcr die n\u00e4chste Saison angemeldet. Nach zwei Testspielen gegen Ribnitz und einem dritten Platz beim Turnier in Wismar er\u00f6ffneten die BIG gegen Grevesm\u00fchlen am 20. September 2002 die erste Saison in der Geschichte des Vereins.&nbsp;<\/p>\n\n\n\n<p>Nach einer Eingew\u00f6hnungsphase biss sich das Team im Mittelfeld der Landesliga fest. Man verst\u00e4rkte den Kader weiter mit den Legenden Andy M. (Lucky Luke), Alexander K. (Ali), Tobi W. (Maschine) und Sebastian J. (Lokomotive). Und im Jahr 2007 war es endlich soweit: die BIG schaffte den Aufstieg in die Oberliga. Das war auch der Startschuss der eigenen Jugendarbeit. Ramon G. (Coach R) kam hinzu und \u00fcbernahm das Grundger\u00fcst der Jugendabteilung, um es weiter auszubauen. So begann man in der Saison 2008\/2009 erstmals mit einer U16 im Jugendspielbetrieb. In den Anfangsjahren mussten sich unsere Herren- und Jugendteams noch oft geschlagen geben. Aber still und heimlich entwickelte man sich weiter und weiter. Matthias A. (Matze) kam aus Grevesm\u00fchlen und setzte weitere Akzente im Herrencoaching, genau wie Eric (Rodrick), der als Trainer die Jugendabteilung verst\u00e4rkte. Coach R. rutschte nach und nach auch in den Herrenbereich, wodurch man endlich einen Trainer hatte, der nicht gleichzeitig auf dem Spielfeld stand. Der Verein wuchs stetig, wodurch wir nun mehrere Jugendteams haben und zwei Herrenteams ins Rennen schicken k\u00f6nnen.&nbsp;<\/p>\n\n\n\n<p>So k\u00f6nnen die Gr\u00fcnderv\u00e4ter mit Stolz auf die abgelaufene bisher erfolgreichste Saison blicken, in der unser erstes Jugendteam von damals in ihrem letzten gemeinsamen Jahr den U20-Meisterschaftstitel holte und unsere ersten Herren einen zweiten Platz in der Weststaffel der Oberliga errangen und sich erst im Halbfinale knapp geschlagen geben mussten. Auch wenn viele neue Gesichter dazugekommen sind und viele Gr\u00fcndungsmitglieder im Hintergrund agieren, kann man eines sagen: Die Philosophie von Spa\u00df und Familiarit\u00e4t kam nie ins wanken und wird, egal in welcher Liga wir mal spielen, immer aufrechterhalten werden.&nbsp; &nbsp;<\/p>\n","protected":false},"excerpt":{"rendered":"<p>Es war im September 2001. Zwei Traditionsvereine Rostocks trafen sich auf dem Basketballcourt: PSV gegen EBC. Unter die Zuschauer mogelten sich die Freunde Martin \u201eMietze\u201c G. und Johannes \u201eYogi\u201c S.. Martin \u00fcberkam erneut das Basketballfieber, wodurch sein Traum aus ihm herausplatze: \u201eWie genial w\u00e4re es, einmal vor einigen Leuten in einem Basketballtrikot aufzulaufen\u201c. Yogi reagierte [&hellip;]<\/p>\n","protected":false},"author":1,"featured_media":0,"parent":0,"menu_order":0,"comment_status":"closed","ping_status":"closed","template":"page-templates\/no-sidebar.php","meta":{"_mc_calendar":[],"footnotes":""},"class_list":["post-16","page","type-page","status-publish","hentry"],"jetpack-related-posts":[],"jetpack_sharing_enabled":true,"_links":{"self":[{"href":"https:\/\/www.big-rostock.de\/wordpress\/index.php?rest_route=\/wp\/v2\/pages\/16","targetHints":{"allow":["GET"]}}],"collection":[{"href":"https:\/\/www.big-rostock.de\/wordpress\/index.php?rest_route=\/wp\/v2\/pages"}],"about":[{"href":"https:\/\/www.big-rostock.de\/wordpress\/index.php?rest_route=\/wp\/v2\/types\/page"}],"author":[{"embeddable":true,"href":"https:\/\/www.big-rostock.de\/wordpress\/index.php?rest_route=\/wp\/v2\/users\/1"}],"replies":[{"embeddable":true,"href":"https:\/\/www.big-rostock.de\/wordpress\/index.php?rest_route=%2Fwp%2Fv2%2Fcomments&post=16"}],"version-history":[{"count":6,"href":"https:\/\/www.big-rostock.de\/wordpress\/index.php?rest_route=\/wp\/v2\/pages\/16\/revisions"}],"predecessor-version":[{"id":322,"href":"https:\/\/www.big-rostock.de\/wordpress\/index.php?rest_route=\/wp\/v2\/pages\/16\/revisions\/322"}],"wp:attachment":[{"href":"https:\/\/www.big-rostock.de\/wordpress\/index.php?rest_route=%2Fwp%2Fv2%2Fmedia&parent=16"}],"curies":[{"name":"wp","href":"https:\/\/api.w.org\/{rel}","templated":true}]}}