{"id":174,"date":"2019-09-22T10:47:03","date_gmt":"2019-09-22T10:47:03","guid":{"rendered":"https:\/\/big-rostock.de\/wordpress\/?page_id=174"},"modified":"2024-11-04T13:09:19","modified_gmt":"2024-11-04T13:09:19","slug":"big-herren-i","status":"publish","type":"page","link":"https:\/\/www.big-rostock.de\/wordpress\/?page_id=174","title":{"rendered":"BIG Herren"},"content":{"rendered":"\n<p>Oberliga Mecklenburg-Vorpommern | <a rel=\"noreferrer noopener\" aria-label=\"Spielplan (\u00f6ffnet in neuem Tab)\" href=\"https:\/\/www.basketball-bund.net\/index.jsp?Action=101&amp;liga_id=32134\" target=\"_blank\">Spielplan<\/a> | <a href=\"https:\/\/www.basketball-bund.net\/index.jsp?Action=102&amp;liga_id=32134\" target=\"_blank\" rel=\"noreferrer noopener\" aria-label=\"Tabelle (\u00f6ffnet in neuem Tab)\">Tabelle<\/a><\/p>\n\n\n\n<p>Trainingszeiten:<br>  Dienstag | 20:00-22:00 | Pablo-Picasso-Stra\u00dfe 43b, 18147 Rostock <br>  Donnerstag| 20:00-21:30 | M\u00f6llner Stra\u00dfe 8, 18109 Rostock  <\/p>\n\n\n\n<p>Kontakt:<br>Sebastian Bohn\/ Ronny Schmidt<br>info@big-rostock.de<\/p>\n\n\n\n<p><\/p>\n","protected":false},"excerpt":{"rendered":"<p>Oberliga Mecklenburg-Vorpommern | Spielplan | Tabelle Trainingszeiten: Dienstag | 20:00-22:00 | Pablo-Picasso-Stra\u00dfe 43b, 18147 Rostock Donnerstag| 20:00-21:30 | M\u00f6llner Stra\u00dfe 8, 18109 Rostock Kontakt:Sebastian Bohn\/ Ronny Schmidtinfo@big-rostock.de<\/p>\n","protected":false},"author":1,"featured_media":176,"parent":14,"menu_order":0,"comment_status":"closed","ping_status":"closed","template":"","meta":{"_mc_calendar":[],"footnotes":""},"class_list":["post-174","page","type-page","status-publish","has-post-thumbnail","hentry"],"jetpack-related-posts":[],"jetpack_sharing_enabled":true,"_links":{"self":[{"href":"https:\/\/www.big-rostock.de\/wordpress\/index.php?rest_route=\/wp\/v2\/pages\/174","targetHints":{"allow":["GET"]}}],"collection":[{"href":"https:\/\/www.big-rostock.de\/wordpress\/index.php?rest_route=\/wp\/v2\/pages"}],"about":[{"href":"https:\/\/www.big-rostock.de\/wordpress\/index.php?rest_route=\/wp\/v2\/types\/page"}],"author":[{"embeddable":true,"href":"https:\/\/www.big-rostock.de\/wordpress\/index.php?rest_route=\/wp\/v2\/users\/1"}],"replies":[{"embeddable":true,"href":"https:\/\/www.big-rostock.de\/wordpress\/index.php?rest_route=%2Fwp%2Fv2%2Fcomments&post=174"}],"version-history":[{"count":7,"href":"https:\/\/www.big-rostock.de\/wordpress\/index.php?rest_route=\/wp\/v2\/pages\/174\/revisions"}],"predecessor-version":[{"id":553,"href":"https:\/\/www.big-rostock.de\/wordpress\/index.php?rest_route=\/wp\/v2\/pages\/174\/revisions\/553"}],"up":[{"embeddable":true,"href":"https:\/\/www.big-rostock.de\/wordpress\/index.php?rest_route=\/wp\/v2\/pages\/14"}],"wp:featuredmedia":[{"embeddable":true,"href":"https:\/\/www.big-rostock.de\/wordpress\/index.php?rest_route=\/wp\/v2\/media\/176"}],"wp:attachment":[{"href":"https:\/\/www.big-rostock.de\/wordpress\/index.php?rest_route=%2Fwp%2Fv2%2Fmedia&parent=174"}],"curies":[{"name":"wp","href":"https:\/\/api.w.org\/{rel}","templated":true}]}}