{"id":323,"date":"2019-09-22T16:45:20","date_gmt":"2019-09-22T16:45:20","guid":{"rendered":"https:\/\/big-rostock.de\/wordpress\/?page_id=323"},"modified":"2019-12-22T12:51:27","modified_gmt":"2019-12-22T12:51:27","slug":"spenden","status":"publish","type":"page","link":"https:\/\/www.big-rostock.de\/wordpress\/?page_id=323","title":{"rendered":"Spenden"},"content":{"rendered":"\n<p>An alle Sport- und Basketballliebhaber:<\/p>\n\n\n\n<p>Als gemeinn\u00fctziger Verein, der ausschlie\u00dflich durch ehrenamtlichen Helfer geleitet wird, sind wir auf jegliche finanzielle Unterst\u00fctzung angewiesen. Dadurch k\u00f6nnen wir auch weiterhin neben unserem Trainings- und Saisonspielbetrieb unseren Mitgliedern Trainingslager, Sportequipment und Entsch\u00e4digungen f\u00fcr Aufwendungen erm\u00f6glichen.<\/p>\n\n\n\n<p>Spenden kannst du auf untenstehende Bankverbindung und selbstverst\u00e4ndlich \u00fcber&nbsp;<a href=\"mailto:info@big-rostock.de\"><strong>info@big-rostock.de<\/strong><\/a>&nbsp;auch einen Spendennachweis anfordern:<\/p>\n\n\n\n<p>Basketball Interessen Gemeinschaft Rostock e.V.<br>IBAN DE17130500000205042430<br>BIC NOLADE21ROS<br>Ostseesparkasse Rostock<\/p>\n\n\n\n<p>Vielen Dank an unsere Spender und Sponsoren, welche uns aktuell unterst\u00fctzen oder uns in der Vergangenheit supportet haben:<\/p>\n\n\n\n<p>Besitos Rostock (<a href=\"http:\/\/www.besitos.de\/rostock\">www.besitos.de\/rostock<\/a>)<br>Ostsee-Campingplatz \u201eLiebeslaube\u201c (<a href=\"http:\/\/www.campingplatz-liebeslaube.de\">www.campingplatz-liebeslaube.de<\/a>)<br>Gemeinschaftspraxis Dr. R\u00f6hrdanz<br>Arbeitsb\u00fchnen &amp; Werkstatttechnik Jacobi (<a href=\"http:\/\/www.awt-shop.de\">www.awt-shop.de<\/a>)<br>Familie Dr. Thomas K\u00f6rber<br>Personal Trainer Andy Floreck<br>Familie Kringel<br>Familie Franziska Sch\u00f6pa<br>Frau Olga Mundt<br>Landwirtschaftsbetrieb Sefzat<\/p>\n\n\n\n<p>Vielen, vielen Dank im Namen aller Mitglieder!&nbsp;<\/p>\n\n\n\n<p>Dein BIG \u2013 Rostock Team.<\/p>\n","protected":false},"excerpt":{"rendered":"<p>An alle Sport- und Basketballliebhaber: Als gemeinn\u00fctziger Verein, der ausschlie\u00dflich durch ehrenamtlichen Helfer geleitet wird, sind wir auf jegliche finanzielle Unterst\u00fctzung angewiesen. Dadurch k\u00f6nnen wir auch weiterhin neben unserem Trainings- und Saisonspielbetrieb unseren Mitgliedern Trainingslager, Sportequipment und Entsch\u00e4digungen f\u00fcr Aufwendungen erm\u00f6glichen. Spenden kannst du auf untenstehende Bankverbindung und selbstverst\u00e4ndlich \u00fcber&nbsp;info@big-rostock.de&nbsp;auch einen Spendennachweis anfordern: Basketball Interessen [&hellip;]<\/p>\n","protected":false},"author":1,"featured_media":0,"parent":0,"menu_order":0,"comment_status":"closed","ping_status":"closed","template":"page-templates\/no-sidebar.php","meta":{"_mc_calendar":[],"footnotes":""},"class_list":["post-323","page","type-page","status-publish","hentry"],"jetpack-related-posts":[],"jetpack_sharing_enabled":true,"_links":{"self":[{"href":"https:\/\/www.big-rostock.de\/wordpress\/index.php?rest_route=\/wp\/v2\/pages\/323","targetHints":{"allow":["GET"]}}],"collection":[{"href":"https:\/\/www.big-rostock.de\/wordpress\/index.php?rest_route=\/wp\/v2\/pages"}],"about":[{"href":"https:\/\/www.big-rostock.de\/wordpress\/index.php?rest_route=\/wp\/v2\/types\/page"}],"author":[{"embeddable":true,"href":"https:\/\/www.big-rostock.de\/wordpress\/index.php?rest_route=\/wp\/v2\/users\/1"}],"replies":[{"embeddable":true,"href":"https:\/\/www.big-rostock.de\/wordpress\/index.php?rest_route=%2Fwp%2Fv2%2Fcomments&post=323"}],"version-history":[{"count":1,"href":"https:\/\/www.big-rostock.de\/wordpress\/index.php?rest_route=\/wp\/v2\/pages\/323\/revisions"}],"predecessor-version":[{"id":324,"href":"https:\/\/www.big-rostock.de\/wordpress\/index.php?rest_route=\/wp\/v2\/pages\/323\/revisions\/324"}],"wp:attachment":[{"href":"https:\/\/www.big-rostock.de\/wordpress\/index.php?rest_route=%2Fwp%2Fv2%2Fmedia&parent=323"}],"curies":[{"name":"wp","href":"https:\/\/api.w.org\/{rel}","templated":true}]}}